{"id":20,"date":"2026-02-05T11:49:58","date_gmt":"2026-02-05T11:49:58","guid":{"rendered":"https:\/\/metopcro.ifzg.hr\/?page_id=20"},"modified":"2026-02-24T10:39:33","modified_gmt":"2026-02-24T10:39:33","slug":"suradnici","status":"publish","type":"page","link":"https:\/\/metopcro.ifzg.hr\/index.php\/suradnici\/","title":{"rendered":"Suradnici"},"content":{"rendered":"\n<p><strong>voditelj<\/strong>:<\/p>\n\n\n\n<p><a href=\"http:\/\/www.pavel-gregoric.info\/\" target=\"_blank\" rel=\"noreferrer noopener\">dr. sc. Pavel Gregori\u0107 (Institut za filozofiju, RH)<\/a>&nbsp;[<a href=\"https:\/\/ifzg.academia.edu\/PavelGregoric\" target=\"_blank\" rel=\"noreferrer noopener\">academia.edu<\/a>]<\/p>\n\n\n\n<p><strong>suradnici<\/strong>:<\/p>\n\n\n\n<p><a href=\"https:\/\/noviweb.ifzg.hr\/arhiva\/umirovljeni_clanovi-girardi-karsulin-zivotopis\/\">dr. sc. Mihaela Girardi-Kar\u0161ulin (Institut za filozofiju, RH, u mirovini)<\/a><\/p>\n\n\n\n<p><a href=\"https:\/\/figs.sas.upenn.edu\/people\/eva-del-soldato\">izv. prof. dr. sc. Eva del Soldato (University of Pennsylvania, SAD)<\/a><\/p>\n\n\n\n<p><a href=\"https:\/\/ffpu.unipu.hr\/ffpu\/gorana.stepanic\">izv. prof. dr. sc. Gorana Stepani\u0107 (Sveu\u010dili\u0161te Jurja Dobrile u Puli, RH)<\/a> [<a href=\"https:\/\/unipu.academia.edu\/GoranaStepanic\" data-type=\"link\" data-id=\"https:\/\/unipu.academia.edu\/GoranaStepanic\" target=\"_blank\" rel=\"noreferrer noopener\">academia.edu<\/a>]<\/p>\n\n\n\n<p><a href=\"https:\/\/scholar.google.hr\/citations?hl=en&amp;user=Xnj6N-gAAAAJ\" data-type=\"link\" data-id=\"https:\/\/scholar.google.hr\/citations?hl=en&amp;user=Xnj6N-gAAAAJ\" target=\"_blank\" rel=\"noreferrer noopener\">dr. sc. Borna Treska, vi\u0161i asistent<\/a><\/p>\n\n\n\n<p><\/p>\n","protected":false},"excerpt":{"rendered":"<p>voditelj: dr. sc. Pavel Gregori\u0107 (Institut za filozofiju, RH)&nbsp;[academia.edu] suradnici: dr. sc. Mihaela Girardi-Kar\u0161ulin (Institut za filozofiju, RH, u mirovini)&hellip;<\/p>\n","protected":false},"author":4,"featured_media":0,"parent":0,"menu_order":0,"comment_status":"closed","ping_status":"closed","template":"","meta":{"footnotes":""},"class_list":["post-20","page","type-page","status-publish","hentry"],"_links":{"self":[{"href":"https:\/\/metopcro.ifzg.hr\/index.php\/wp-json\/wp\/v2\/pages\/20","targetHints":{"allow":["GET"]}}],"collection":[{"href":"https:\/\/metopcro.ifzg.hr\/index.php\/wp-json\/wp\/v2\/pages"}],"about":[{"href":"https:\/\/metopcro.ifzg.hr\/index.php\/wp-json\/wp\/v2\/types\/page"}],"author":[{"embeddable":true,"href":"https:\/\/metopcro.ifzg.hr\/index.php\/wp-json\/wp\/v2\/users\/4"}],"replies":[{"embeddable":true,"href":"https:\/\/metopcro.ifzg.hr\/index.php\/wp-json\/wp\/v2\/comments?post=20"}],"version-history":[{"count":3,"href":"https:\/\/metopcro.ifzg.hr\/index.php\/wp-json\/wp\/v2\/pages\/20\/revisions"}],"predecessor-version":[{"id":164,"href":"https:\/\/metopcro.ifzg.hr\/index.php\/wp-json\/wp\/v2\/pages\/20\/revisions\/164"}],"wp:attachment":[{"href":"https:\/\/metopcro.ifzg.hr\/index.php\/wp-json\/wp\/v2\/media?parent=20"}],"curies":[{"name":"wp","href":"https:\/\/api.w.org\/{rel}","templated":true}]}}