{"id":2,"date":"2025-12-16T15:22:55","date_gmt":"2025-12-16T15:22:55","guid":{"rendered":"https:\/\/metopcro.ifzg.hr\/?page_id=2"},"modified":"2026-02-24T09:43:35","modified_gmt":"2026-02-24T09:43:35","slug":"home","status":"publish","type":"page","link":"https:\/\/metopcro.ifzg.hr\/","title":{"rendered":"Home"},"content":{"rendered":"\n<p class=\"has-text-align-center\"><strong>Dobrodo\u0161li na stranice istra\u017eiva\u010dkog projekta \u201cMetafizi\u010dke teme u hrvatskih renesansnih aristotelovaca\u201d financiranog sredstvima Hrvatske zaklade za znanost (IP-2025-02-1552) u razdoblju od 2. 12. 2025. do 1. 12. 2028!<\/strong><\/p>\n\n\n\n<hr class=\"wp-block-separator has-alpha-channel-opacity\"\/>\n\n\n\n<p>U projektu \u201eMetafizi\u010dke teme u hrvatskih renesansnih aristotelovaca\u201c (MeTopCro) istra\u017eit \u0107emo doprinos hrvatskih aristotelovaca raspravama koje su reprezentativne za cjelokupnu filozofiju u razdoblju renesanse. Konkretnije, (1) prou\u010dit \u0107emo i dati cjelovitu ocjenu poimanja besmrtnosti du\u0161e <strong>Nikole Vitova Gu\u010deti\u0107a<\/strong>, \u0161to je problem renesansne filozofije\u00a0<em>par excellence<\/em>, (2) produbit \u0107emo sliku Gu\u010deti\u0107eva knji\u017eevno-filozofskog stvarala\u0161tva fokusiranim istra\u017eivanjima arhivske gra\u0111e, (3) prou\u010dit \u0107emo i ocijeniti racionalnu kritiku astrologije <strong>Jurja Dubrov\u010danina<\/strong> iz perspektive astronomije kao matemati\u010dke znanosti, (4) ispitat \u0107emo smjele inovacije <strong>Matije Frki\u0107a<\/strong> u metafizici, konkretno u kozmologiji gdje je odustao od aristotelovske teze o petom elementu kao gra\u0111i nebeskih tijela te u inovativnom tuma\u010denju anti\u010dkog aksioma da ni\u0161ta ne mo\u017ee proiza\u0107i iz ni\u010dega, \u0161to je valjalo pomiriti s naukom iz biblijske Knjige Postanka. Ova \u010detiri pravca istra\u017eivanja pridonijet \u0107e dobro utemeljenoj procjeni izvornosti i doprinosa hrvatskog renesansnog aristotelizma europskoj filozofiji i znanosti.<\/p>\n","protected":false},"excerpt":{"rendered":"<p>Dobrodo\u0161li na stranice istra\u017eiva\u010dkog projekta \u201cMetafizi\u010dke teme u hrvatskih renesansnih aristotelovaca\u201d financiranog sredstvima Hrvatske zaklade za znanost (IP-2025-02-1552) u razdoblju&hellip;<\/p>\n","protected":false},"author":1,"featured_media":0,"parent":0,"menu_order":0,"comment_status":"closed","ping_status":"closed","template":"","meta":{"footnotes":""},"class_list":["post-2","page","type-page","status-publish","hentry"],"_links":{"self":[{"href":"https:\/\/metopcro.ifzg.hr\/index.php\/wp-json\/wp\/v2\/pages\/2","targetHints":{"allow":["GET"]}}],"collection":[{"href":"https:\/\/metopcro.ifzg.hr\/index.php\/wp-json\/wp\/v2\/pages"}],"about":[{"href":"https:\/\/metopcro.ifzg.hr\/index.php\/wp-json\/wp\/v2\/types\/page"}],"author":[{"embeddable":true,"href":"https:\/\/metopcro.ifzg.hr\/index.php\/wp-json\/wp\/v2\/users\/1"}],"replies":[{"embeddable":true,"href":"https:\/\/metopcro.ifzg.hr\/index.php\/wp-json\/wp\/v2\/comments?post=2"}],"version-history":[{"count":5,"href":"https:\/\/metopcro.ifzg.hr\/index.php\/wp-json\/wp\/v2\/pages\/2\/revisions"}],"predecessor-version":[{"id":162,"href":"https:\/\/metopcro.ifzg.hr\/index.php\/wp-json\/wp\/v2\/pages\/2\/revisions\/162"}],"wp:attachment":[{"href":"https:\/\/metopcro.ifzg.hr\/index.php\/wp-json\/wp\/v2\/media?parent=2"}],"curies":[{"name":"wp","href":"https:\/\/api.w.org\/{rel}","templated":true}]}}